{"id":107,"date":"2015-09-23T18:37:28","date_gmt":"2015-09-23T18:37:28","guid":{"rendered":"http:\/\/test.ks-friseure.de\/?page_id=107"},"modified":"2025-01-12T17:27:59","modified_gmt":"2025-01-12T17:27:59","slug":"impressum","status":"publish","type":"page","link":"https:\/\/www.kathrinseib.de\/?page_id=107","title":{"rendered":"Impressum"},"content":{"rendered":"\n<p><\/p>\n\n\n\n<h4 class=\"wp-block-heading\"><strong>Diese Internetseite wird betrieben von:<\/strong><\/h4>\n\n\n\n<h6 class=\"wp-block-heading\"><strong>Curly Hair Stylist Kathrin Seib<\/strong><\/h6>\n\n\n\n<h6 class=\"wp-block-heading\">Br\u00fcderstra\u00dfe 28<\/h6>\n\n\n\n<h6 class=\"wp-block-heading\">32052 Herford<\/h6>\n\n\n\n<h6 class=\"wp-block-heading\">Deutschland<\/h6>\n\n\n\n<h6 class=\"wp-block-heading\">Telefon: +49 (0) 5221 31335<\/h6>\n\n\n\n<h6 class=\"wp-block-heading\">Telefax: +49 (0) 5221 349705<\/h6>\n\n\n\n<h6 class=\"wp-block-heading\">Internet: www.kathrinseib.de<\/h6>\n\n\n\n<h6 class=\"wp-block-heading\">Gesch\u00e4ftsf\u00fchrung: Kathrin Seib<\/h6>\n\n\n\n<h6 class=\"wp-block-heading\">Steuernummer: 324\/5157\/1820<\/h6>\n\n\n\n<h3 class=\"wp-block-heading\"><\/h3>\n\n\n\n<h3 class=\"wp-block-heading\"><strong>Haftungsausschluss<\/strong><\/h3>\n\n\n\n<h4 class=\"wp-block-heading\"><strong>1. Inhalte<\/strong><\/h4>\n\n\n\n<h6 class=\"wp-block-heading\">Die Inhalte der Internetseiten werden sorgf\u00e4ltig gepr\u00fcft und nach bestem Wissen erstellt. Jedoch kann keinerlei Gew\u00e4hr f\u00fcr die Korrektheit, Vollst\u00e4ndigkeit, Aktualit\u00e4t oder Qualit\u00e4t der bereitgestellten Informationen \u00fcbernommen werden Haftungsanspr\u00fcche gegen \u201eks-friseure.de\u201c, welche sich auf Sch\u00e4den materieller oder ideeller Art beziehen, die durch die Nutzung oder Nichtnutzung der dargebotenen Informationen bzw. durch die Nutzung fehlerhafter und unvollst\u00e4ndiger Informationen verursacht wurden sind grunds\u00e4tzlich ausgeschlossen, sofern auf Seiten von \u201eks-friseure.de\u201c kein nachweislich vors\u00e4tzliches oder grob fahrl\u00e4ssiges Verschulden vorliegt. Namentlich gekennzeichnete Beitr\u00e4ge spiegeln nicht unbedingt die Meinung des Herausgeber wider.<\/h6>\n\n\n\n<h4 class=\"wp-block-heading\"><strong>2. Verweise und Links<\/strong><\/h4>\n\n\n\n<h6 class=\"wp-block-heading\">Bei direkten oder indirekten Verweisen auf fremde Internetseiten (\u201eLinks\u201c), die ausserhalb des Verantwortungsbereiches des Autors liegen, w\u00fcrde eine Haftungsverpflichtung ausschliesslich in dem Fall in Kraft treten, in dem der Autor von den Inhalten Kenntnis hat und es ihm technisch m\u00f6glich und zumutbar w\u00e4re, die Nutzung im Falle rechtswidriger Inhalte zu verhindern.<\/h6>\n\n\n\n<h6 class=\"wp-block-heading\">Der Autor erkl\u00e4rt hiermit ausdr\u00fccklich, dass zum Zeitpunkt der Linksetzung keine illegalen Inhalte auf den zu verlinkenden Seiten erkennbar waren. Auf die aktuelle und zuk\u00fcnftige Gestaltung, die Inhalte oder die Urheberschaft der gelinkten\/verkn\u00fcpften Seiten hat der Autor keinerlei Einfluss. Deshalb distanziert er sich hiermit ausdr\u00fccklich von allen Inhalten aller gelinkten \/verkn\u00fcpften Seiten, die nach der Linksetzung ver\u00e4ndert wurden. Diese Feststellung gilt f\u00fcr alle innerhalb des eigenen Internetangebotes gesetzten Links und Verweise sowie f\u00fcr Fremdeintr\u00e4ge in vom Autor eingerichteten G\u00e4steb\u00fcchern, Diskussionsforen und Mailinglisten. F\u00fcr illegale, fehlerhafte oder unvollst\u00e4ndige Inhalte und insbesondere f\u00fcr Sch\u00e4den, die aus der Nutzung oder Nichtnutzung solcherart dargebotener Informatione entstehen, haftet allein der Anbieter der Seite, auf welche verwiesen wurde, nicht derjenige, der \u00fcber Links auf die jeweilige Ver\u00f6ffentlichung lediglich verweist.<\/h6>\n\n\n\n<h4 class=\"wp-block-heading\"><strong>3. Urheber- und Kennzeichenrecht<\/strong><\/h4>\n\n\n\n<h6 class=\"wp-block-heading\">Der Autor ist bestrebt, in allen Publikationen die Urheberrechte der verwendeten Grafiken, Tondokumente, Videosequenzen und Texte zu beachten, von ihm selbst erstellte Grafiken, Tondokumente, Videosequenzen und Texte zu nutzen oder auf lizenzfreie Grafiken, Tondokumente, Videosequenzen und Texte zur\u00fcckzugreifen.<\/h6>\n\n\n\n<h6 class=\"wp-block-heading\">Alle innerhalb des Internetangebotes genannten und ggf. durch Dritte gesch\u00fctzten Marken- und Warenzeichen unterliegen uneingeschr\u00e4nkt den Bestimmungen des jeweils g\u00fcltigen Kennzeichenrechts und den Besitzrechten der jeweilige eingetragenen Eigent\u00fcmer. Allein aufgrund der blossen Nennung ist nicht der Schluss zu ziehen, dass Markenzeichen nicht durch Rechte Dritter gesch\u00fctzt sind!<\/h6>\n\n\n\n<h6 class=\"wp-block-heading\">Das Copyright f\u00fcr ver\u00f6ffentlichte, vom Autor selbst erstellte Objekte bleibt allein beim Autor der Seiten. Eine Vervielf\u00e4ltigung oder Verwendung solcher Grafiken, Tondokumente, Videosequenzen und Texte in anderen elektronischen oder gedruckten Publikationen ist ohne ausdr\u00fcckliche Zustimmung des Autors nicht gestattet.<\/h6>\n\n\n\n<h4 class=\"wp-block-heading\"><strong>4. Rechtswirksamkeit dieses Haftungsausschlusses<\/strong><\/h4>\n\n\n\n<h6 class=\"wp-block-heading\">Dieser Haftungsausschluss ist als Teil des Internetangebotes zu betrachten, von dem aus auf diese Seite verwiesen wurde. Sofern Teile oder einzelne Formulierungen dieses Textes der geltenden Rechtslage nicht, nicht mehr oder nicht vollst\u00e4ndig entsprechen sollten, bleiben die \u00fcbrigen Teile des Dokumentes in ihrem Inhalt und ihrer G\u00fcltigkeit davon unber\u00fchrt.<\/h6>\n\n\n\n<h4 class=\"wp-block-heading\"><strong>5. Hinweis f\u00fcr Abmahnversuche<\/strong><\/h4>\n\n\n\n<h6 class=\"wp-block-heading\">Keine Abmahnung ohne vorherigen Kontakt! Sollte der Inhalt oder die Aufmachung dieser Seiten fremde Rechte Dritter oder gesetzlicher Bestimmen verletzen, so bitten wir um eine entsprechende Nachricht ohne Kostennote. Die Beseitigung eine m\u00f6glicherweise von diesen Seiten ausgehende Schutzrecht-Verletzung durch Schutzrecht-Inhaberinnen selbst darf nicht ohne unsere Zustimmung stattfinden.<\/h6>\n\n\n\n<h6 class=\"wp-block-heading\">Wir garantieren, dass die zu Recht beanstandeten Passagen unverz\u00fcglich entfernt werden, ohne dass von Ihrer Seite die Einschaltung eines Rechtsbeistandes erforderlich ist. Dennoch von Ihnen ohne vorherige Kontaktaufnahme ausgel\u00f6ste Kosten werden wir vollumf\u00e4nglich zur\u00fcckweisen und gegebenenfalls Gegenklage wegen Verletzung vorgenannter Bestimmung einreichen.<\/h6>\n","protected":false},"excerpt":{"rendered":"<p>Diese Internetseite wird betrieben von: Curly Hair Stylist Kathrin Seib <a class=\"more-link\" href=\"https:\/\/www.kathrinseib.de\/?page_id=107\">Weiter &#8230;<\/a><\/p>\n","protected":false},"author":1,"featured_media":0,"parent":0,"menu_order":0,"comment_status":"closed","ping_status":"closed","template":"","meta":{"footnotes":""},"class_list":["post-107","page","type-page","status-publish","hentry"],"yoast_head":"<!-- This site is optimized with the Yoast SEO plugin v27.4 - https:\/\/yoast.com\/product\/yoast-seo-wordpress\/ -->\n<title>Impressum - Curly Hair Stylist Kathrin Seib<\/title>\n<meta name=\"robots\" content=\"index, follow, max-snippet:-1, max-image-preview:large, max-video-preview:-1\" \/>\n<link rel=\"canonical\" href=\"https:\/\/www.kathrinseib.de\/?page_id=107\" \/>\n<meta property=\"og:locale\" content=\"de_DE\" \/>\n<meta property=\"og:type\" content=\"article\" \/>\n<meta property=\"og:title\" content=\"Impressum - Curly Hair Stylist Kathrin Seib\" \/>\n<meta property=\"og:description\" content=\"Diese Internetseite wird betrieben von: Curly Hair Stylist Kathrin Seib Weiter ...\" \/>\n<meta property=\"og:url\" content=\"https:\/\/www.kathrinseib.de\/?page_id=107\" \/>\n<meta property=\"og:site_name\" content=\"Curly Hair Stylist Kathrin Seib\" \/>\n<meta property=\"article:modified_time\" content=\"2025-01-12T17:27:59+00:00\" \/>\n<meta name=\"twitter:card\" content=\"summary_large_image\" \/>\n<meta name=\"twitter:label1\" content=\"Gesch\u00e4tzte Lesezeit\" \/>\n\t<meta name=\"twitter:data1\" content=\"4\u00a0Minuten\" \/>\n<script type=\"application\/ld+json\" class=\"yoast-schema-graph\">{\"@context\":\"https:\\\/\\\/schema.org\",\"@graph\":[{\"@type\":\"WebPage\",\"@id\":\"https:\\\/\\\/www.kathrinseib.de\\\/?page_id=107\",\"url\":\"https:\\\/\\\/www.kathrinseib.de\\\/?page_id=107\",\"name\":\"Impressum - Curly Hair Stylist Kathrin Seib\",\"isPartOf\":{\"@id\":\"https:\\\/\\\/www.kathrinseib.de\\\/#website\"},\"datePublished\":\"2015-09-23T18:37:28+00:00\",\"dateModified\":\"2025-01-12T17:27:59+00:00\",\"breadcrumb\":{\"@id\":\"https:\\\/\\\/www.kathrinseib.de\\\/?page_id=107#breadcrumb\"},\"inLanguage\":\"de\",\"potentialAction\":[{\"@type\":\"ReadAction\",\"target\":[\"https:\\\/\\\/www.kathrinseib.de\\\/?page_id=107\"]}]},{\"@type\":\"BreadcrumbList\",\"@id\":\"https:\\\/\\\/www.kathrinseib.de\\\/?page_id=107#breadcrumb\",\"itemListElement\":[{\"@type\":\"ListItem\",\"position\":1,\"name\":\"Home\",\"item\":\"https:\\\/\\\/www.kathrinseib.de\\\/\"},{\"@type\":\"ListItem\",\"position\":2,\"name\":\"Impressum\"}]},{\"@type\":\"WebSite\",\"@id\":\"https:\\\/\\\/www.kathrinseib.de\\\/#website\",\"url\":\"https:\\\/\\\/www.kathrinseib.de\\\/\",\"name\":\"Curly Hair Stylist Kathrin Seib\",\"description\":\"Wahre Sch\u00f6nheit kommt von innen -\u00a0Wir machen sie sichtbar\",\"potentialAction\":[{\"@type\":\"SearchAction\",\"target\":{\"@type\":\"EntryPoint\",\"urlTemplate\":\"https:\\\/\\\/www.kathrinseib.de\\\/?s={search_term_string}\"},\"query-input\":{\"@type\":\"PropertyValueSpecification\",\"valueRequired\":true,\"valueName\":\"search_term_string\"}}],\"inLanguage\":\"de\"}]}<\/script>\n<!-- \/ Yoast SEO plugin. -->","yoast_head_json":{"title":"Impressum - Curly Hair Stylist Kathrin Seib","robots":{"index":"index","follow":"follow","max-snippet":"max-snippet:-1","max-image-preview":"max-image-preview:large","max-video-preview":"max-video-preview:-1"},"canonical":"https:\/\/www.kathrinseib.de\/?page_id=107","og_locale":"de_DE","og_type":"article","og_title":"Impressum - Curly Hair Stylist Kathrin Seib","og_description":"Diese Internetseite wird betrieben von: Curly Hair Stylist Kathrin Seib Weiter ...","og_url":"https:\/\/www.kathrinseib.de\/?page_id=107","og_site_name":"Curly Hair Stylist Kathrin Seib","article_modified_time":"2025-01-12T17:27:59+00:00","twitter_card":"summary_large_image","twitter_misc":{"Gesch\u00e4tzte Lesezeit":"4\u00a0Minuten"},"schema":{"@context":"https:\/\/schema.org","@graph":[{"@type":"WebPage","@id":"https:\/\/www.kathrinseib.de\/?page_id=107","url":"https:\/\/www.kathrinseib.de\/?page_id=107","name":"Impressum - Curly Hair Stylist Kathrin Seib","isPartOf":{"@id":"https:\/\/www.kathrinseib.de\/#website"},"datePublished":"2015-09-23T18:37:28+00:00","dateModified":"2025-01-12T17:27:59+00:00","breadcrumb":{"@id":"https:\/\/www.kathrinseib.de\/?page_id=107#breadcrumb"},"inLanguage":"de","potentialAction":[{"@type":"ReadAction","target":["https:\/\/www.kathrinseib.de\/?page_id=107"]}]},{"@type":"BreadcrumbList","@id":"https:\/\/www.kathrinseib.de\/?page_id=107#breadcrumb","itemListElement":[{"@type":"ListItem","position":1,"name":"Home","item":"https:\/\/www.kathrinseib.de\/"},{"@type":"ListItem","position":2,"name":"Impressum"}]},{"@type":"WebSite","@id":"https:\/\/www.kathrinseib.de\/#website","url":"https:\/\/www.kathrinseib.de\/","name":"Curly Hair Stylist Kathrin Seib","description":"Wahre Sch\u00f6nheit kommt von innen -\u00a0Wir machen sie sichtbar","potentialAction":[{"@type":"SearchAction","target":{"@type":"EntryPoint","urlTemplate":"https:\/\/www.kathrinseib.de\/?s={search_term_string}"},"query-input":{"@type":"PropertyValueSpecification","valueRequired":true,"valueName":"search_term_string"}}],"inLanguage":"de"}]}},"_links":{"self":[{"href":"https:\/\/www.kathrinseib.de\/index.php?rest_route=\/wp\/v2\/pages\/107","targetHints":{"allow":["GET"]}}],"collection":[{"href":"https:\/\/www.kathrinseib.de\/index.php?rest_route=\/wp\/v2\/pages"}],"about":[{"href":"https:\/\/www.kathrinseib.de\/index.php?rest_route=\/wp\/v2\/types\/page"}],"author":[{"embeddable":true,"href":"https:\/\/www.kathrinseib.de\/index.php?rest_route=\/wp\/v2\/users\/1"}],"replies":[{"embeddable":true,"href":"https:\/\/www.kathrinseib.de\/index.php?rest_route=%2Fwp%2Fv2%2Fcomments&post=107"}],"version-history":[{"count":10,"href":"https:\/\/www.kathrinseib.de\/index.php?rest_route=\/wp\/v2\/pages\/107\/revisions"}],"predecessor-version":[{"id":854,"href":"https:\/\/www.kathrinseib.de\/index.php?rest_route=\/wp\/v2\/pages\/107\/revisions\/854"}],"wp:attachment":[{"href":"https:\/\/www.kathrinseib.de\/index.php?rest_route=%2Fwp%2Fv2%2Fmedia&parent=107"}],"curies":[{"name":"wp","href":"https:\/\/api.w.org\/{rel}","templated":true}]}}