{"id":125,"date":"2015-09-23T18:47:37","date_gmt":"2015-09-23T18:47:37","guid":{"rendered":"http:\/\/test.ks-friseure.de\/?page_id=125"},"modified":"2022-08-01T18:22:39","modified_gmt":"2022-08-01T18:22:39","slug":"haarverlaengerungen","status":"publish","type":"page","link":"https:\/\/www.kathrinseib.de\/?page_id=125","title":{"rendered":"Haarverl\u00e4ngerungen"},"content":{"rendered":"\n<p><\/p>\n\n\n\n<div class=\"wp-block-columns is-layout-flex wp-container-core-columns-is-layout-9d6595d7 wp-block-columns-is-layout-flex\">\n<div class=\"wp-block-column is-layout-flow wp-block-column-is-layout-flow\" style=\"flex-basis:70%\">\n<figure class=\"wp-block-image size-full is-resized\"><img loading=\"lazy\" decoding=\"async\" src=\"https:\/\/www.kathrinseib.de\/wp-content\/uploads\/2015\/09\/haarverlaengerung-e1443388377635.jpg\" alt=\"KS friseure - Friseur Herford\" class=\"wp-image-126\" width=\"481\" height=\"339\" srcset=\"https:\/\/www.kathrinseib.de\/wp-content\/uploads\/2015\/09\/haarverlaengerung-e1443388377635.jpg 659w, https:\/\/www.kathrinseib.de\/wp-content\/uploads\/2015\/09\/haarverlaengerung-e1443388377635-300x212.jpg 300w\" sizes=\"auto, (max-width: 481px) 100vw, 481px\" \/><\/figure>\n<\/div>\n\n\n\n<div class=\"wp-block-column is-layout-flow wp-block-column-is-layout-flow\" style=\"flex-basis:50%\">\n<p>Lange gepflegte Haare gelten seit jeher als Inbegriff weiblicher Sch\u00f6nheit. Daran hat sich bis heute nichts ge\u00e4ndert\u2026<br>Der Traum vom perfekten langen Haar ist oftmals nur mit gro\u00dfen M\u00fchen zu erf\u00fcllen.<\/p>\n\n\n\n<p>Schneller und bequemer geht\u2019s mit einer Echthaarverl\u00e4ngerung von&nbsp;<a href=\"http:\/\/www.hairtalk.de\" target=\"_blank\" rel=\"noreferrer noopener\">hairtalk<\/a>.&nbsp;Diese ist vom nat\u00fcrlichen Eigenhaar praktisch nicht zu unterscheiden und erm\u00f6glicht es in weniger als einer Stunde die Haarl\u00e4nge und -f\u00fclle so zu ver\u00e4ndern dass fast jedes gew\u00fcnschte Frisurenstyling realisierbar ist. Und das Beste daran ist dass die Haare&nbsp;mehrmals verwendbar sind.<\/p>\n\n\n\n<p>Interessiert? Sprechen Sie uns an.<\/p>\n\n\n\n<figure class=\"wp-block-image size-full\"><a href=\"https:\/\/www.kathrinseib.de\/wp-content\/uploads\/2015\/12\/logo_hairtalk.png\"><img loading=\"lazy\" decoding=\"async\" width=\"152\" height=\"91\" src=\"https:\/\/www.kathrinseib.de\/wp-content\/uploads\/2015\/12\/logo_hairtalk.png\" alt=\"\" class=\"wp-image-310\" srcset=\"https:\/\/www.kathrinseib.de\/wp-content\/uploads\/2015\/12\/logo_hairtalk.png 152w, https:\/\/www.kathrinseib.de\/wp-content\/uploads\/2015\/12\/logo_hairtalk-150x91.png 150w\" sizes=\"auto, (max-width: 152px) 100vw, 152px\" \/><\/a><\/figure>\n<\/div>\n<\/div>\n","protected":false},"excerpt":{"rendered":"<p>Lange gepflegte Haare gelten seit jeher als Inbegriff weiblicher Sch\u00f6nheit. <a class=\"more-link\" href=\"https:\/\/www.kathrinseib.de\/?page_id=125\">Weiter &#8230;<\/a><\/p>\n","protected":false},"author":1,"featured_media":0,"parent":57,"menu_order":0,"comment_status":"closed","ping_status":"closed","template":"","meta":{"footnotes":""},"class_list":["post-125","page","type-page","status-publish","hentry"],"yoast_head":"<!-- This site is optimized with the Yoast SEO plugin v27.4 - https:\/\/yoast.com\/product\/yoast-seo-wordpress\/ -->\n<title>Haarverl\u00e4ngerungen - Curly Hair Stylist Kathrin Seib<\/title>\n<meta name=\"robots\" content=\"index, follow, max-snippet:-1, max-image-preview:large, max-video-preview:-1\" \/>\n<link rel=\"canonical\" href=\"https:\/\/www.kathrinseib.de\/?page_id=125\" \/>\n<meta property=\"og:locale\" content=\"de_DE\" \/>\n<meta property=\"og:type\" content=\"article\" \/>\n<meta property=\"og:title\" content=\"Haarverl\u00e4ngerungen - Curly Hair Stylist Kathrin Seib\" \/>\n<meta property=\"og:description\" content=\"Lange gepflegte Haare gelten seit jeher als Inbegriff weiblicher Sch\u00f6nheit. Weiter ...\" \/>\n<meta property=\"og:url\" content=\"https:\/\/www.kathrinseib.de\/?page_id=125\" \/>\n<meta property=\"og:site_name\" content=\"Curly Hair Stylist Kathrin Seib\" \/>\n<meta property=\"article:modified_time\" content=\"2022-08-01T18:22:39+00:00\" \/>\n<meta property=\"og:image\" content=\"https:\/\/www.kathrinseib.de\/wp-content\/uploads\/2015\/09\/haarverlaengerung-e1443388377635.jpg\" \/>\n<meta name=\"twitter:card\" content=\"summary_large_image\" \/>\n<meta name=\"twitter:label1\" content=\"Gesch\u00e4tzte Lesezeit\" \/>\n\t<meta name=\"twitter:data1\" content=\"1\u00a0Minute\" \/>\n<script type=\"application\/ld+json\" class=\"yoast-schema-graph\">{\"@context\":\"https:\\\/\\\/schema.org\",\"@graph\":[{\"@type\":\"WebPage\",\"@id\":\"https:\\\/\\\/www.kathrinseib.de\\\/?page_id=125\",\"url\":\"https:\\\/\\\/www.kathrinseib.de\\\/?page_id=125\",\"name\":\"Haarverl\u00e4ngerungen - Curly Hair Stylist Kathrin Seib\",\"isPartOf\":{\"@id\":\"https:\\\/\\\/www.kathrinseib.de\\\/#website\"},\"primaryImageOfPage\":{\"@id\":\"https:\\\/\\\/www.kathrinseib.de\\\/?page_id=125#primaryimage\"},\"image\":{\"@id\":\"https:\\\/\\\/www.kathrinseib.de\\\/?page_id=125#primaryimage\"},\"thumbnailUrl\":\"https:\\\/\\\/www.kathrinseib.de\\\/wp-content\\\/uploads\\\/2015\\\/09\\\/haarverlaengerung-e1443388377635.jpg\",\"datePublished\":\"2015-09-23T18:47:37+00:00\",\"dateModified\":\"2022-08-01T18:22:39+00:00\",\"breadcrumb\":{\"@id\":\"https:\\\/\\\/www.kathrinseib.de\\\/?page_id=125#breadcrumb\"},\"inLanguage\":\"de\",\"potentialAction\":[{\"@type\":\"ReadAction\",\"target\":[\"https:\\\/\\\/www.kathrinseib.de\\\/?page_id=125\"]}]},{\"@type\":\"ImageObject\",\"inLanguage\":\"de\",\"@id\":\"https:\\\/\\\/www.kathrinseib.de\\\/?page_id=125#primaryimage\",\"url\":\"https:\\\/\\\/www.kathrinseib.de\\\/wp-content\\\/uploads\\\/2015\\\/09\\\/haarverlaengerung-e1443388377635.jpg\",\"contentUrl\":\"https:\\\/\\\/www.kathrinseib.de\\\/wp-content\\\/uploads\\\/2015\\\/09\\\/haarverlaengerung-e1443388377635.jpg\",\"width\":659,\"height\":465,\"caption\":\"KS friseure - Friseur Herford\"},{\"@type\":\"BreadcrumbList\",\"@id\":\"https:\\\/\\\/www.kathrinseib.de\\\/?page_id=125#breadcrumb\",\"itemListElement\":[{\"@type\":\"ListItem\",\"position\":1,\"name\":\"Home\",\"item\":\"https:\\\/\\\/www.kathrinseib.de\\\/\"},{\"@type\":\"ListItem\",\"position\":2,\"name\":\"Specials\",\"item\":\"https:\\\/\\\/www.kathrinseib.de\\\/?page_id=57\"},{\"@type\":\"ListItem\",\"position\":3,\"name\":\"Haarverl\u00e4ngerungen\"}]},{\"@type\":\"WebSite\",\"@id\":\"https:\\\/\\\/www.kathrinseib.de\\\/#website\",\"url\":\"https:\\\/\\\/www.kathrinseib.de\\\/\",\"name\":\"Curly Hair Stylist Kathrin Seib\",\"description\":\"Wahre Sch\u00f6nheit kommt von innen -\u00a0Wir machen sie sichtbar\",\"potentialAction\":[{\"@type\":\"SearchAction\",\"target\":{\"@type\":\"EntryPoint\",\"urlTemplate\":\"https:\\\/\\\/www.kathrinseib.de\\\/?s={search_term_string}\"},\"query-input\":{\"@type\":\"PropertyValueSpecification\",\"valueRequired\":true,\"valueName\":\"search_term_string\"}}],\"inLanguage\":\"de\"}]}<\/script>\n<!-- \/ Yoast SEO plugin. -->","yoast_head_json":{"title":"Haarverl\u00e4ngerungen - Curly Hair Stylist Kathrin Seib","robots":{"index":"index","follow":"follow","max-snippet":"max-snippet:-1","max-image-preview":"max-image-preview:large","max-video-preview":"max-video-preview:-1"},"canonical":"https:\/\/www.kathrinseib.de\/?page_id=125","og_locale":"de_DE","og_type":"article","og_title":"Haarverl\u00e4ngerungen - Curly Hair Stylist Kathrin Seib","og_description":"Lange gepflegte Haare gelten seit jeher als Inbegriff weiblicher Sch\u00f6nheit. Weiter ...","og_url":"https:\/\/www.kathrinseib.de\/?page_id=125","og_site_name":"Curly Hair Stylist Kathrin Seib","article_modified_time":"2022-08-01T18:22:39+00:00","og_image":[{"url":"https:\/\/www.kathrinseib.de\/wp-content\/uploads\/2015\/09\/haarverlaengerung-e1443388377635.jpg","type":"","width":"","height":""}],"twitter_card":"summary_large_image","twitter_misc":{"Gesch\u00e4tzte Lesezeit":"1\u00a0Minute"},"schema":{"@context":"https:\/\/schema.org","@graph":[{"@type":"WebPage","@id":"https:\/\/www.kathrinseib.de\/?page_id=125","url":"https:\/\/www.kathrinseib.de\/?page_id=125","name":"Haarverl\u00e4ngerungen - Curly Hair Stylist Kathrin Seib","isPartOf":{"@id":"https:\/\/www.kathrinseib.de\/#website"},"primaryImageOfPage":{"@id":"https:\/\/www.kathrinseib.de\/?page_id=125#primaryimage"},"image":{"@id":"https:\/\/www.kathrinseib.de\/?page_id=125#primaryimage"},"thumbnailUrl":"https:\/\/www.kathrinseib.de\/wp-content\/uploads\/2015\/09\/haarverlaengerung-e1443388377635.jpg","datePublished":"2015-09-23T18:47:37+00:00","dateModified":"2022-08-01T18:22:39+00:00","breadcrumb":{"@id":"https:\/\/www.kathrinseib.de\/?page_id=125#breadcrumb"},"inLanguage":"de","potentialAction":[{"@type":"ReadAction","target":["https:\/\/www.kathrinseib.de\/?page_id=125"]}]},{"@type":"ImageObject","inLanguage":"de","@id":"https:\/\/www.kathrinseib.de\/?page_id=125#primaryimage","url":"https:\/\/www.kathrinseib.de\/wp-content\/uploads\/2015\/09\/haarverlaengerung-e1443388377635.jpg","contentUrl":"https:\/\/www.kathrinseib.de\/wp-content\/uploads\/2015\/09\/haarverlaengerung-e1443388377635.jpg","width":659,"height":465,"caption":"KS friseure - Friseur Herford"},{"@type":"BreadcrumbList","@id":"https:\/\/www.kathrinseib.de\/?page_id=125#breadcrumb","itemListElement":[{"@type":"ListItem","position":1,"name":"Home","item":"https:\/\/www.kathrinseib.de\/"},{"@type":"ListItem","position":2,"name":"Specials","item":"https:\/\/www.kathrinseib.de\/?page_id=57"},{"@type":"ListItem","position":3,"name":"Haarverl\u00e4ngerungen"}]},{"@type":"WebSite","@id":"https:\/\/www.kathrinseib.de\/#website","url":"https:\/\/www.kathrinseib.de\/","name":"Curly Hair Stylist Kathrin Seib","description":"Wahre Sch\u00f6nheit kommt von innen -\u00a0Wir machen sie sichtbar","potentialAction":[{"@type":"SearchAction","target":{"@type":"EntryPoint","urlTemplate":"https:\/\/www.kathrinseib.de\/?s={search_term_string}"},"query-input":{"@type":"PropertyValueSpecification","valueRequired":true,"valueName":"search_term_string"}}],"inLanguage":"de"}]}},"_links":{"self":[{"href":"https:\/\/www.kathrinseib.de\/index.php?rest_route=\/wp\/v2\/pages\/125","targetHints":{"allow":["GET"]}}],"collection":[{"href":"https:\/\/www.kathrinseib.de\/index.php?rest_route=\/wp\/v2\/pages"}],"about":[{"href":"https:\/\/www.kathrinseib.de\/index.php?rest_route=\/wp\/v2\/types\/page"}],"author":[{"embeddable":true,"href":"https:\/\/www.kathrinseib.de\/index.php?rest_route=\/wp\/v2\/users\/1"}],"replies":[{"embeddable":true,"href":"https:\/\/www.kathrinseib.de\/index.php?rest_route=%2Fwp%2Fv2%2Fcomments&post=125"}],"version-history":[{"count":15,"href":"https:\/\/www.kathrinseib.de\/index.php?rest_route=\/wp\/v2\/pages\/125\/revisions"}],"predecessor-version":[{"id":745,"href":"https:\/\/www.kathrinseib.de\/index.php?rest_route=\/wp\/v2\/pages\/125\/revisions\/745"}],"up":[{"embeddable":true,"href":"https:\/\/www.kathrinseib.de\/index.php?rest_route=\/wp\/v2\/pages\/57"}],"wp:attachment":[{"href":"https:\/\/www.kathrinseib.de\/index.php?rest_route=%2Fwp%2Fv2%2Fmedia&parent=125"}],"curies":[{"name":"wp","href":"https:\/\/api.w.org\/{rel}","templated":true}]}}