{"id":129,"date":"2015-09-23T18:50:40","date_gmt":"2015-09-23T18:50:40","guid":{"rendered":"http:\/\/test.ks-friseure.de\/?page_id=129"},"modified":"2024-11-05T20:52:41","modified_gmt":"2024-11-05T20:52:41","slug":"curlsys","status":"publish","type":"page","link":"https:\/\/www.kathrinseib.de\/?page_id=129","title":{"rendered":"CURLSYS\u00ae"},"content":{"rendered":"\n<p><\/p>\n\n\n<div class=\"wp-block-image\">\n<figure class=\"aligncenter\"><img loading=\"lazy\" decoding=\"async\" width=\"1024\" height=\"683\" src=\"https:\/\/www.kathrinseib.de\/wp-content\/uploads\/2021\/02\/curlsys1-1024x683.jpg\" alt=\"CURLSYS\u00ae\" class=\"wp-image-618\" srcset=\"https:\/\/www.kathrinseib.de\/wp-content\/uploads\/2021\/02\/curlsys1-1024x683.jpg 1024w, https:\/\/www.kathrinseib.de\/wp-content\/uploads\/2021\/02\/curlsys1-300x200.jpg 300w, https:\/\/www.kathrinseib.de\/wp-content\/uploads\/2021\/02\/curlsys1-768x512.jpg 768w, https:\/\/www.kathrinseib.de\/wp-content\/uploads\/2021\/02\/curlsys1.jpg 1200w\" sizes=\"auto, (max-width: 1024px) 100vw, 1024px\" \/><\/figure>\n<\/div>\n\n\n<h3 class=\"wp-block-heading\"><strong>CURLSYS\u00ae macht, dass Locken tanzen<\/strong><\/h3>\n\n\n\n<p>Sie sind einfach immer etwas ganz besonderes und eine echte Herausforderung.<\/p>\n\n\n\n<p>Seit 2012 widme ich mich mit gro\u00dfer Leidenschaft den Locken und habe gelernt, dass sie sich in ganzer Pracht entwickeln, wenn man sie richtig schneidet und behandelt.<\/p>\n\n\n\n<p>Brian McLean sagt: Ein Haarschnitt f\u00fcr lockiges Haar muss die Defizite der Natur ausgleichen und die Energie des Haares st\u00e4rken.<\/p>\n\n\n\n<p>Das von Brian McLean entwickelte Haarschneide Konzept CURLSYS\u00ae hat als erstes europaweit ein Patent erhalten und ist in der Friseurwelt als ein Novum beschrieben.<\/p>\n\n\n\n<p>Jedes Lockenb\u00fcndel wird bei dieser Technik mit der speziellen CURLSYS\u00ae Schere in chirurgischer Pr\u00e4zision geschnitten.<\/p>\n\n\n\n<p>CURLSYS\u00ae kreiert dynamische Locken in verschiedenen Variationen. Dadurch werden Naturlocken schwungvoller, Locken geb\u00fcndelt und wundersch\u00f6n gl\u00e4nzend. Man erh\u00e4lt doppelte Lockenpracht und doppeltes Volumen. \u00dcberkrauses Haar und zu starke Locken werden beruhigt und besser frisierbar.<\/p>\n\n\n\n<p>Ich bilde mich regelm\u00e4\u00dfig bei Waltraud und Brian McLean in dem CURLSYS\u00ae Haarschneidekonzept weiter. Inzwischen bin ich CURLSYS\u00ae MASTERCLASS Stylistin, eine von wenigen in Deutschland.<\/p>\n\n\n\n<p>Wenn Sie einen CURLSYS\u00ae Haarschnitt bei mir buchen, bringen Sie bitte etwas Zeit mit, denn dieser Termin dauert deutlich l\u00e4nger als ein klassischer Haarschneidetermin. Ich m\u00f6chte Ihnen helfen Ihre Locken zu lieben, die passende Pflegeroutine zu finden und einfach Spa\u00df an Ihren Haaren zu haben und die Locken tanzen zu lassen.<\/p>\n\n\n\n<p>Es ist mir wichtig genug Zeit f\u00fcr Ihre Beratung zu haben. Je nachdem was f\u00fcr eine Locke\/Welle und welchen Frisurenwunsch Sie mitbringen, suche ich aus den unz\u00e4hligen M\u00f6glichkeiten des CURLSYS\u00ae Haarschneidekonzeptes das optimale f\u00fcr Sie heraus. Auch f\u00fcr das Styling nehme ich mir viel Zeit und erkl\u00e4re Ihnen alles Schritt f\u00fcr Schritt, so dass Sie zu Hause auch allein diese sch\u00f6nen Locken gestalten k\u00f6nnen.<\/p>\n\n\n\n<p>Der Zeitaufwand kann je nach Haarl\u00e4nge und Haardicke variieren. Daher berechne ich:<\/p>\n\n\n\n<p>Bis 2,0 Stunden 230\u20ac<\/p>\n\n\n\n<p>Bis 2,5 Stunden 280\u20ac<\/p>\n\n\n\n<p>Bis 3,0 Stunden 340\u20ac<\/p>\n\n\n\n<p>Daf\u00fcr bekommen Sie:<\/p>\n\n\n\n<ul class=\"wp-block-list\">\n<li>Einen au\u00dfergew\u00f6hnlichen Haarschnitt den nur wenige Friseure beherrschen<\/li>\n\n\n\n<li>Traumhafte Locken an denen Sie f\u00fcr 4 bis 9 Monate (Je nach Lockentyp und Haarl\u00e4nge) jeden Tag Ihre Freude haben werden<\/li>\n\n\n\n<li>Mein Know How in Sachen Lockenpflege und Styling<\/li>\n\n\n\n<li>Meine Produktempfehlung perfekt abgestimmt auf Ihr Haar<\/li>\n<\/ul>\n\n\n<div class=\"wp-block-image\">\n<figure class=\"alignleft\"><img loading=\"lazy\" decoding=\"async\" width=\"300\" height=\"151\" src=\"https:\/\/www.kathrinseib.de\/wp-content\/uploads\/2021\/02\/curlsys_logo-300x151.jpg\" alt=\"\" class=\"wp-image-629\" srcset=\"https:\/\/www.kathrinseib.de\/wp-content\/uploads\/2021\/02\/curlsys_logo-300x151.jpg 300w, https:\/\/www.kathrinseib.de\/wp-content\/uploads\/2021\/02\/curlsys_logo-768x386.jpg 768w, https:\/\/www.kathrinseib.de\/wp-content\/uploads\/2021\/02\/curlsys_logo.jpg 795w\" sizes=\"auto, (max-width: 300px) 100vw, 300px\" \/><\/figure>\n<\/div>\n\n\n<p><\/p>\n","protected":false},"excerpt":{"rendered":"<p>CURLSYS\u00ae macht, dass Locken tanzen Sie sind einfach immer etwas <a class=\"more-link\" href=\"https:\/\/www.kathrinseib.de\/?page_id=129\">Weiter &#8230;<\/a><\/p>\n","protected":false},"author":1,"featured_media":0,"parent":57,"menu_order":0,"comment_status":"closed","ping_status":"closed","template":"","meta":{"footnotes":""},"class_list":["post-129","page","type-page","status-publish","hentry"],"yoast_head":"<!-- This site is optimized with the Yoast SEO plugin v27.4 - https:\/\/yoast.com\/product\/yoast-seo-wordpress\/ -->\n<title>CURLSYS\u00ae - Curly Hair Stylist Kathrin Seib<\/title>\n<meta name=\"robots\" content=\"index, follow, max-snippet:-1, max-image-preview:large, max-video-preview:-1\" \/>\n<link rel=\"canonical\" href=\"https:\/\/www.kathrinseib.de\/?page_id=129\" \/>\n<meta property=\"og:locale\" content=\"de_DE\" \/>\n<meta property=\"og:type\" content=\"article\" \/>\n<meta property=\"og:title\" content=\"CURLSYS\u00ae - Curly Hair Stylist Kathrin Seib\" \/>\n<meta property=\"og:description\" content=\"CURLSYS\u00ae macht, dass Locken tanzen Sie sind einfach immer etwas Weiter ...\" \/>\n<meta property=\"og:url\" content=\"https:\/\/www.kathrinseib.de\/?page_id=129\" \/>\n<meta property=\"og:site_name\" content=\"Curly Hair Stylist Kathrin Seib\" \/>\n<meta property=\"article:modified_time\" content=\"2024-11-05T20:52:41+00:00\" \/>\n<meta property=\"og:image\" content=\"https:\/\/www.kathrinseib.de\/wp-content\/uploads\/2021\/02\/curlsys1.jpg\" \/>\n\t<meta property=\"og:image:width\" content=\"1200\" \/>\n\t<meta property=\"og:image:height\" content=\"800\" \/>\n\t<meta property=\"og:image:type\" content=\"image\/jpeg\" \/>\n<meta name=\"twitter:card\" content=\"summary_large_image\" \/>\n<meta name=\"twitter:label1\" content=\"Gesch\u00e4tzte Lesezeit\" \/>\n\t<meta name=\"twitter:data1\" content=\"3\u00a0Minuten\" \/>\n<script type=\"application\/ld+json\" class=\"yoast-schema-graph\">{\"@context\":\"https:\\\/\\\/schema.org\",\"@graph\":[{\"@type\":\"WebPage\",\"@id\":\"https:\\\/\\\/www.kathrinseib.de\\\/?page_id=129\",\"url\":\"https:\\\/\\\/www.kathrinseib.de\\\/?page_id=129\",\"name\":\"CURLSYS\u00ae - Curly Hair Stylist Kathrin Seib\",\"isPartOf\":{\"@id\":\"https:\\\/\\\/www.kathrinseib.de\\\/#website\"},\"primaryImageOfPage\":{\"@id\":\"https:\\\/\\\/www.kathrinseib.de\\\/?page_id=129#primaryimage\"},\"image\":{\"@id\":\"https:\\\/\\\/www.kathrinseib.de\\\/?page_id=129#primaryimage\"},\"thumbnailUrl\":\"https:\\\/\\\/www.kathrinseib.de\\\/wp-content\\\/uploads\\\/2021\\\/02\\\/curlsys1-1024x683.jpg\",\"datePublished\":\"2015-09-23T18:50:40+00:00\",\"dateModified\":\"2024-11-05T20:52:41+00:00\",\"breadcrumb\":{\"@id\":\"https:\\\/\\\/www.kathrinseib.de\\\/?page_id=129#breadcrumb\"},\"inLanguage\":\"de\",\"potentialAction\":[{\"@type\":\"ReadAction\",\"target\":[\"https:\\\/\\\/www.kathrinseib.de\\\/?page_id=129\"]}]},{\"@type\":\"ImageObject\",\"inLanguage\":\"de\",\"@id\":\"https:\\\/\\\/www.kathrinseib.de\\\/?page_id=129#primaryimage\",\"url\":\"https:\\\/\\\/www.kathrinseib.de\\\/wp-content\\\/uploads\\\/2021\\\/02\\\/curlsys1.jpg\",\"contentUrl\":\"https:\\\/\\\/www.kathrinseib.de\\\/wp-content\\\/uploads\\\/2021\\\/02\\\/curlsys1.jpg\",\"width\":1200,\"height\":800,\"caption\":\"Portrait of beautiful cheerful redhead girl with flying curly hair smiling laughing looking at camera over white background.\"},{\"@type\":\"BreadcrumbList\",\"@id\":\"https:\\\/\\\/www.kathrinseib.de\\\/?page_id=129#breadcrumb\",\"itemListElement\":[{\"@type\":\"ListItem\",\"position\":1,\"name\":\"Home\",\"item\":\"https:\\\/\\\/www.kathrinseib.de\\\/\"},{\"@type\":\"ListItem\",\"position\":2,\"name\":\"Specials\",\"item\":\"https:\\\/\\\/www.kathrinseib.de\\\/?page_id=57\"},{\"@type\":\"ListItem\",\"position\":3,\"name\":\"CURLSYS\u00ae\"}]},{\"@type\":\"WebSite\",\"@id\":\"https:\\\/\\\/www.kathrinseib.de\\\/#website\",\"url\":\"https:\\\/\\\/www.kathrinseib.de\\\/\",\"name\":\"Curly Hair Stylist Kathrin Seib\",\"description\":\"Wahre Sch\u00f6nheit kommt von innen -\u00a0Wir machen sie sichtbar\",\"potentialAction\":[{\"@type\":\"SearchAction\",\"target\":{\"@type\":\"EntryPoint\",\"urlTemplate\":\"https:\\\/\\\/www.kathrinseib.de\\\/?s={search_term_string}\"},\"query-input\":{\"@type\":\"PropertyValueSpecification\",\"valueRequired\":true,\"valueName\":\"search_term_string\"}}],\"inLanguage\":\"de\"}]}<\/script>\n<!-- \/ Yoast SEO plugin. -->","yoast_head_json":{"title":"CURLSYS\u00ae - Curly Hair Stylist Kathrin Seib","robots":{"index":"index","follow":"follow","max-snippet":"max-snippet:-1","max-image-preview":"max-image-preview:large","max-video-preview":"max-video-preview:-1"},"canonical":"https:\/\/www.kathrinseib.de\/?page_id=129","og_locale":"de_DE","og_type":"article","og_title":"CURLSYS\u00ae - Curly Hair Stylist Kathrin Seib","og_description":"CURLSYS\u00ae macht, dass Locken tanzen Sie sind einfach immer etwas Weiter ...","og_url":"https:\/\/www.kathrinseib.de\/?page_id=129","og_site_name":"Curly Hair Stylist Kathrin Seib","article_modified_time":"2024-11-05T20:52:41+00:00","og_image":[{"width":1200,"height":800,"url":"https:\/\/www.kathrinseib.de\/wp-content\/uploads\/2021\/02\/curlsys1.jpg","type":"image\/jpeg"}],"twitter_card":"summary_large_image","twitter_misc":{"Gesch\u00e4tzte Lesezeit":"3\u00a0Minuten"},"schema":{"@context":"https:\/\/schema.org","@graph":[{"@type":"WebPage","@id":"https:\/\/www.kathrinseib.de\/?page_id=129","url":"https:\/\/www.kathrinseib.de\/?page_id=129","name":"CURLSYS\u00ae - Curly Hair Stylist Kathrin Seib","isPartOf":{"@id":"https:\/\/www.kathrinseib.de\/#website"},"primaryImageOfPage":{"@id":"https:\/\/www.kathrinseib.de\/?page_id=129#primaryimage"},"image":{"@id":"https:\/\/www.kathrinseib.de\/?page_id=129#primaryimage"},"thumbnailUrl":"https:\/\/www.kathrinseib.de\/wp-content\/uploads\/2021\/02\/curlsys1-1024x683.jpg","datePublished":"2015-09-23T18:50:40+00:00","dateModified":"2024-11-05T20:52:41+00:00","breadcrumb":{"@id":"https:\/\/www.kathrinseib.de\/?page_id=129#breadcrumb"},"inLanguage":"de","potentialAction":[{"@type":"ReadAction","target":["https:\/\/www.kathrinseib.de\/?page_id=129"]}]},{"@type":"ImageObject","inLanguage":"de","@id":"https:\/\/www.kathrinseib.de\/?page_id=129#primaryimage","url":"https:\/\/www.kathrinseib.de\/wp-content\/uploads\/2021\/02\/curlsys1.jpg","contentUrl":"https:\/\/www.kathrinseib.de\/wp-content\/uploads\/2021\/02\/curlsys1.jpg","width":1200,"height":800,"caption":"Portrait of beautiful cheerful redhead girl with flying curly hair smiling laughing looking at camera over white background."},{"@type":"BreadcrumbList","@id":"https:\/\/www.kathrinseib.de\/?page_id=129#breadcrumb","itemListElement":[{"@type":"ListItem","position":1,"name":"Home","item":"https:\/\/www.kathrinseib.de\/"},{"@type":"ListItem","position":2,"name":"Specials","item":"https:\/\/www.kathrinseib.de\/?page_id=57"},{"@type":"ListItem","position":3,"name":"CURLSYS\u00ae"}]},{"@type":"WebSite","@id":"https:\/\/www.kathrinseib.de\/#website","url":"https:\/\/www.kathrinseib.de\/","name":"Curly Hair Stylist Kathrin Seib","description":"Wahre Sch\u00f6nheit kommt von innen -\u00a0Wir machen sie sichtbar","potentialAction":[{"@type":"SearchAction","target":{"@type":"EntryPoint","urlTemplate":"https:\/\/www.kathrinseib.de\/?s={search_term_string}"},"query-input":{"@type":"PropertyValueSpecification","valueRequired":true,"valueName":"search_term_string"}}],"inLanguage":"de"}]}},"_links":{"self":[{"href":"https:\/\/www.kathrinseib.de\/index.php?rest_route=\/wp\/v2\/pages\/129","targetHints":{"allow":["GET"]}}],"collection":[{"href":"https:\/\/www.kathrinseib.de\/index.php?rest_route=\/wp\/v2\/pages"}],"about":[{"href":"https:\/\/www.kathrinseib.de\/index.php?rest_route=\/wp\/v2\/types\/page"}],"author":[{"embeddable":true,"href":"https:\/\/www.kathrinseib.de\/index.php?rest_route=\/wp\/v2\/users\/1"}],"replies":[{"embeddable":true,"href":"https:\/\/www.kathrinseib.de\/index.php?rest_route=%2Fwp%2Fv2%2Fcomments&post=129"}],"version-history":[{"count":23,"href":"https:\/\/www.kathrinseib.de\/index.php?rest_route=\/wp\/v2\/pages\/129\/revisions"}],"predecessor-version":[{"id":843,"href":"https:\/\/www.kathrinseib.de\/index.php?rest_route=\/wp\/v2\/pages\/129\/revisions\/843"}],"up":[{"embeddable":true,"href":"https:\/\/www.kathrinseib.de\/index.php?rest_route=\/wp\/v2\/pages\/57"}],"wp:attachment":[{"href":"https:\/\/www.kathrinseib.de\/index.php?rest_route=%2Fwp%2Fv2%2Fmedia&parent=129"}],"curies":[{"name":"wp","href":"https:\/\/api.w.org\/{rel}","templated":true}]}}