{"id":2,"date":"2015-08-19T04:23:47","date_gmt":"2015-08-19T04:23:47","guid":{"rendered":"http:\/\/test.ks-friseure.de\/?page_id=2"},"modified":"2025-10-05T15:42:17","modified_gmt":"2025-10-05T15:42:17","slug":"2-2","status":"publish","type":"page","link":"https:\/\/www.kathrinseib.de\/","title":{"rendered":""},"content":{"rendered":"<div class=\"wp-block-image\">\n<figure class=\"aligncenter size-full is-resized\"><img loading=\"lazy\" decoding=\"async\" width=\"1704\" height=\"394\" src=\"https:\/\/www.kathrinseib.de\/wp-content\/uploads\/2025\/01\/Logo2025.png\" alt=\"\" class=\"wp-image-850\" style=\"width:440px;height:auto\" srcset=\"https:\/\/www.kathrinseib.de\/wp-content\/uploads\/2025\/01\/Logo2025.png 1704w, https:\/\/www.kathrinseib.de\/wp-content\/uploads\/2025\/01\/Logo2025-300x69.png 300w, https:\/\/www.kathrinseib.de\/wp-content\/uploads\/2025\/01\/Logo2025-1024x237.png 1024w, https:\/\/www.kathrinseib.de\/wp-content\/uploads\/2025\/01\/Logo2025-768x178.png 768w, https:\/\/www.kathrinseib.de\/wp-content\/uploads\/2025\/01\/Logo2025-1536x355.png 1536w\" sizes=\"auto, (max-width: 1704px) 100vw, 1704px\" \/><\/figure>\n<\/div>\n\n\n<div class=\"wp-block-group\"><div class=\"wp-block-group__inner-container is-layout-flow wp-block-group-is-layout-flow\">\n<p class=\"has-text-align-center has-black-color has-text-color\"><strong>Wahre Sch\u00f6nheit kommt von innen \u2013 Wir machen Sie sichtbar.<\/strong><\/p>\n<\/div><\/div>\n\n\n\n<p class=\"has-text-align-center\">Du m\u00f6chtest endlich deine Naturlocken lieben?<\/p>\n\n\n\n<p class=\"has-text-align-center\">Dann k\u00f6nnen wir dir helfen! Denn unsere Leidenschaft sind Deine Locken. Seit 15 Jahren stecken wir unser Herzblut in unsere Ausbildung f\u00fcr bewegte Haare, wir haben unz\u00e4hlige Seminare f\u00fcr Lockenhaarschnitte und Lockenstyling besucht um Dir zu deinen Traumlocken zu verhelfen.&nbsp;<\/p>\n\n\n\n<p class=\"has-text-align-center\">Wir freuen uns auf Deinen Besuch!<\/p>\n\n\n\n<p class=\"has-text-align-center\">Kathrin und Laura<\/p>\n\n\n\n<div class=\"wp-block-columns are-vertically-aligned-center is-layout-flex wp-container-core-columns-is-layout-9d6595d7 wp-block-columns-is-layout-flex\">\n<div class=\"wp-block-column is-vertically-aligned-center is-layout-flow wp-block-column-is-layout-flow\"><div class=\"wp-block-image\">\n<figure class=\"aligncenter size-full is-resized\"><a href=\"https:\/\/www.kathrinseib.de\/wp-content\/uploads\/2021\/02\/curlsys_logo.jpg\"><img loading=\"lazy\" decoding=\"async\" width=\"795\" height=\"400\" src=\"https:\/\/www.kathrinseib.de\/wp-content\/uploads\/2021\/02\/curlsys_logo.jpg\" alt=\"\" class=\"wp-image-629\" style=\"width:296px;height:149px\" srcset=\"https:\/\/www.kathrinseib.de\/wp-content\/uploads\/2021\/02\/curlsys_logo.jpg 795w, https:\/\/www.kathrinseib.de\/wp-content\/uploads\/2021\/02\/curlsys_logo-300x151.jpg 300w, https:\/\/www.kathrinseib.de\/wp-content\/uploads\/2021\/02\/curlsys_logo-768x386.jpg 768w\" sizes=\"auto, (max-width: 795px) 100vw, 795px\" \/><\/a><\/figure>\n<\/div><\/div>\n\n\n\n<div class=\"wp-block-column is-vertically-aligned-center is-layout-flow wp-block-column-is-layout-flow\"><div class=\"wp-block-image\">\n<figure class=\"aligncenter size-full is-resized\"><a href=\"https:\/\/www.kathrinseib.de\/wp-content\/uploads\/2023\/08\/rezo.png\"><img loading=\"lazy\" decoding=\"async\" width=\"320\" height=\"320\" src=\"https:\/\/www.kathrinseib.de\/wp-content\/uploads\/2023\/08\/rezo.png\" alt=\"\" class=\"wp-image-789\" style=\"width:230px;height:230px\" srcset=\"https:\/\/www.kathrinseib.de\/wp-content\/uploads\/2023\/08\/rezo.png 320w, https:\/\/www.kathrinseib.de\/wp-content\/uploads\/2023\/08\/rezo-300x300.png 300w, https:\/\/www.kathrinseib.de\/wp-content\/uploads\/2023\/08\/rezo-150x150.png 150w\" sizes=\"auto, (max-width: 320px) 100vw, 320px\" \/><\/a><\/figure>\n<\/div><\/div>\n<\/div>\n\n\n\n<hr class=\"wp-block-separator has-alpha-channel-opacity is-style-wide\"\/>\n\n\n\n<p class=\"has-text-align-center\"><strong>Curly Hair Stylist Kathrin Seib<\/strong>\u00a0 \u22c5 \u00a0Br\u00fcderstra\u00dfe 28 \u00a0\u22c5 \u00a032052 Herford \u00a0\u22c5 \u00a0WhatsApp: 0160 97304879 \u00a0\u22c5 \u00a0eMail: mail@kathrinseib.de<\/p>\n\n\n\n<hr class=\"wp-block-separator has-alpha-channel-opacity is-style-wide\"\/>\n\n\n\n<p><\/p>\n","protected":false},"excerpt":{"rendered":"<p>Wahre Sch\u00f6nheit kommt von innen \u2013 Wir machen Sie sichtbar. <a class=\"more-link\" href=\"https:\/\/www.kathrinseib.de\/\">Weiter &#8230;<\/a><\/p>\n","protected":false},"author":1,"featured_media":0,"parent":0,"menu_order":0,"comment_status":"closed","ping_status":"closed","template":"","meta":{"footnotes":""},"class_list":["post-2","page","type-page","status-publish","hentry"],"yoast_head":"<!-- This site is optimized with the Yoast SEO plugin v27.4 - https:\/\/yoast.com\/product\/yoast-seo-wordpress\/ -->\n<title>Hair &amp; Beauty Kathrin Seib | Friseur Herford | Wahre Sch\u00f6nheit kommt von innen<\/title>\n<meta name=\"robots\" content=\"index, follow, max-snippet:-1, max-image-preview:large, max-video-preview:-1\" \/>\n<link rel=\"canonical\" href=\"https:\/\/www.kathrinseib.de\/\" \/>\n<meta property=\"og:locale\" content=\"de_DE\" \/>\n<meta property=\"og:type\" content=\"article\" \/>\n<meta property=\"og:title\" content=\"Hair &amp; Beauty Kathrin Seib | Friseur Herford | Wahre Sch\u00f6nheit kommt von innen\" \/>\n<meta property=\"og:description\" content=\"Wahre Sch\u00f6nheit kommt von innen \u2013 Wir machen Sie sichtbar. Weiter ...\" \/>\n<meta property=\"og:url\" content=\"https:\/\/www.kathrinseib.de\/\" \/>\n<meta property=\"og:site_name\" content=\"Curly Hair Stylist Kathrin Seib\" \/>\n<meta property=\"article:modified_time\" content=\"2025-10-05T15:42:17+00:00\" \/>\n<meta property=\"og:image\" content=\"https:\/\/www.kathrinseib.de\/wp-content\/uploads\/2025\/01\/Logo2025.png\" \/>\n\t<meta property=\"og:image:width\" content=\"1704\" \/>\n\t<meta property=\"og:image:height\" content=\"394\" \/>\n\t<meta property=\"og:image:type\" content=\"image\/png\" \/>\n<meta name=\"twitter:card\" content=\"summary_large_image\" \/>\n<meta name=\"twitter:label1\" content=\"Gesch\u00e4tzte Lesezeit\" \/>\n\t<meta name=\"twitter:data1\" content=\"2\u00a0Minuten\" \/>\n<script type=\"application\/ld+json\" class=\"yoast-schema-graph\">{\"@context\":\"https:\\\/\\\/schema.org\",\"@graph\":[{\"@type\":\"WebPage\",\"@id\":\"https:\\\/\\\/www.kathrinseib.de\\\/\",\"url\":\"https:\\\/\\\/www.kathrinseib.de\\\/\",\"name\":\"Hair & Beauty Kathrin Seib | Friseur Herford | Wahre Sch\u00f6nheit kommt von innen\",\"isPartOf\":{\"@id\":\"https:\\\/\\\/www.kathrinseib.de\\\/#website\"},\"primaryImageOfPage\":{\"@id\":\"https:\\\/\\\/www.kathrinseib.de\\\/#primaryimage\"},\"image\":{\"@id\":\"https:\\\/\\\/www.kathrinseib.de\\\/#primaryimage\"},\"thumbnailUrl\":\"https:\\\/\\\/www.kathrinseib.de\\\/wp-content\\\/uploads\\\/2025\\\/01\\\/Logo2025.png\",\"datePublished\":\"2015-08-19T04:23:47+00:00\",\"dateModified\":\"2025-10-05T15:42:17+00:00\",\"inLanguage\":\"de\",\"potentialAction\":[{\"@type\":\"ReadAction\",\"target\":[\"https:\\\/\\\/www.kathrinseib.de\\\/\"]}]},{\"@type\":\"ImageObject\",\"inLanguage\":\"de\",\"@id\":\"https:\\\/\\\/www.kathrinseib.de\\\/#primaryimage\",\"url\":\"https:\\\/\\\/www.kathrinseib.de\\\/wp-content\\\/uploads\\\/2025\\\/01\\\/Logo2025.png\",\"contentUrl\":\"https:\\\/\\\/www.kathrinseib.de\\\/wp-content\\\/uploads\\\/2025\\\/01\\\/Logo2025.png\",\"width\":1704,\"height\":394},{\"@type\":\"WebSite\",\"@id\":\"https:\\\/\\\/www.kathrinseib.de\\\/#website\",\"url\":\"https:\\\/\\\/www.kathrinseib.de\\\/\",\"name\":\"Curly Hair Stylist Kathrin Seib\",\"description\":\"Wahre Sch\u00f6nheit kommt von innen -\u00a0Wir machen sie sichtbar\",\"potentialAction\":[{\"@type\":\"SearchAction\",\"target\":{\"@type\":\"EntryPoint\",\"urlTemplate\":\"https:\\\/\\\/www.kathrinseib.de\\\/?s={search_term_string}\"},\"query-input\":{\"@type\":\"PropertyValueSpecification\",\"valueRequired\":true,\"valueName\":\"search_term_string\"}}],\"inLanguage\":\"de\"}]}<\/script>\n<!-- \/ Yoast SEO plugin. -->","yoast_head_json":{"title":"Hair & Beauty Kathrin Seib | Friseur Herford | Wahre Sch\u00f6nheit kommt von innen","robots":{"index":"index","follow":"follow","max-snippet":"max-snippet:-1","max-image-preview":"max-image-preview:large","max-video-preview":"max-video-preview:-1"},"canonical":"https:\/\/www.kathrinseib.de\/","og_locale":"de_DE","og_type":"article","og_title":"Hair & Beauty Kathrin Seib | Friseur Herford | Wahre Sch\u00f6nheit kommt von innen","og_description":"Wahre Sch\u00f6nheit kommt von innen \u2013 Wir machen Sie sichtbar. Weiter ...","og_url":"https:\/\/www.kathrinseib.de\/","og_site_name":"Curly Hair Stylist Kathrin Seib","article_modified_time":"2025-10-05T15:42:17+00:00","og_image":[{"width":1704,"height":394,"url":"https:\/\/www.kathrinseib.de\/wp-content\/uploads\/2025\/01\/Logo2025.png","type":"image\/png"}],"twitter_card":"summary_large_image","twitter_misc":{"Gesch\u00e4tzte Lesezeit":"2\u00a0Minuten"},"schema":{"@context":"https:\/\/schema.org","@graph":[{"@type":"WebPage","@id":"https:\/\/www.kathrinseib.de\/","url":"https:\/\/www.kathrinseib.de\/","name":"Hair & Beauty Kathrin Seib | Friseur Herford | Wahre Sch\u00f6nheit kommt von innen","isPartOf":{"@id":"https:\/\/www.kathrinseib.de\/#website"},"primaryImageOfPage":{"@id":"https:\/\/www.kathrinseib.de\/#primaryimage"},"image":{"@id":"https:\/\/www.kathrinseib.de\/#primaryimage"},"thumbnailUrl":"https:\/\/www.kathrinseib.de\/wp-content\/uploads\/2025\/01\/Logo2025.png","datePublished":"2015-08-19T04:23:47+00:00","dateModified":"2025-10-05T15:42:17+00:00","inLanguage":"de","potentialAction":[{"@type":"ReadAction","target":["https:\/\/www.kathrinseib.de\/"]}]},{"@type":"ImageObject","inLanguage":"de","@id":"https:\/\/www.kathrinseib.de\/#primaryimage","url":"https:\/\/www.kathrinseib.de\/wp-content\/uploads\/2025\/01\/Logo2025.png","contentUrl":"https:\/\/www.kathrinseib.de\/wp-content\/uploads\/2025\/01\/Logo2025.png","width":1704,"height":394},{"@type":"WebSite","@id":"https:\/\/www.kathrinseib.de\/#website","url":"https:\/\/www.kathrinseib.de\/","name":"Curly Hair Stylist Kathrin Seib","description":"Wahre Sch\u00f6nheit kommt von innen -\u00a0Wir machen sie sichtbar","potentialAction":[{"@type":"SearchAction","target":{"@type":"EntryPoint","urlTemplate":"https:\/\/www.kathrinseib.de\/?s={search_term_string}"},"query-input":{"@type":"PropertyValueSpecification","valueRequired":true,"valueName":"search_term_string"}}],"inLanguage":"de"}]}},"_links":{"self":[{"href":"https:\/\/www.kathrinseib.de\/index.php?rest_route=\/wp\/v2\/pages\/2","targetHints":{"allow":["GET"]}}],"collection":[{"href":"https:\/\/www.kathrinseib.de\/index.php?rest_route=\/wp\/v2\/pages"}],"about":[{"href":"https:\/\/www.kathrinseib.de\/index.php?rest_route=\/wp\/v2\/types\/page"}],"author":[{"embeddable":true,"href":"https:\/\/www.kathrinseib.de\/index.php?rest_route=\/wp\/v2\/users\/1"}],"replies":[{"embeddable":true,"href":"https:\/\/www.kathrinseib.de\/index.php?rest_route=%2Fwp%2Fv2%2Fcomments&post=2"}],"version-history":[{"count":73,"href":"https:\/\/www.kathrinseib.de\/index.php?rest_route=\/wp\/v2\/pages\/2\/revisions"}],"predecessor-version":[{"id":880,"href":"https:\/\/www.kathrinseib.de\/index.php?rest_route=\/wp\/v2\/pages\/2\/revisions\/880"}],"wp:attachment":[{"href":"https:\/\/www.kathrinseib.de\/index.php?rest_route=%2Fwp%2Fv2%2Fmedia&parent=2"}],"curies":[{"name":"wp","href":"https:\/\/api.w.org\/{rel}","templated":true}]}}