{"id":85,"date":"2015-09-22T17:57:39","date_gmt":"2015-09-22T17:57:39","guid":{"rendered":"http:\/\/test.ks-friseure.de\/?page_id=85"},"modified":"2022-08-01T18:22:55","modified_gmt":"2022-08-01T18:22:55","slug":"make-up","status":"publish","type":"page","link":"https:\/\/www.kathrinseib.de\/?page_id=85","title":{"rendered":"Belavance Make-up"},"content":{"rendered":"\n<p><\/p>\n\n\n\n<div class=\"wp-block-columns is-layout-flex wp-container-core-columns-is-layout-9d6595d7 wp-block-columns-is-layout-flex\">\n<div class=\"wp-block-column is-layout-flow wp-block-column-is-layout-flow\" style=\"flex-basis:66.66%\">\n<figure class=\"wp-block-image size-large is-resized\"><img loading=\"lazy\" decoding=\"async\" src=\"https:\/\/www.kathrinseib.de\/wp-content\/uploads\/2021\/02\/makeup1-1024x682.jpg\" alt=\"\" class=\"wp-image-627\" width=\"551\" height=\"367\" srcset=\"https:\/\/www.kathrinseib.de\/wp-content\/uploads\/2021\/02\/makeup1-1024x682.jpg 1024w, https:\/\/www.kathrinseib.de\/wp-content\/uploads\/2021\/02\/makeup1-300x200.jpg 300w, https:\/\/www.kathrinseib.de\/wp-content\/uploads\/2021\/02\/makeup1-768x511.jpg 768w, https:\/\/www.kathrinseib.de\/wp-content\/uploads\/2021\/02\/makeup1.jpg 1202w\" sizes=\"auto, (max-width: 551px) 100vw, 551px\" \/><\/figure>\n<\/div>\n\n\n\n<div class=\"wp-block-column is-layout-flow wp-block-column-is-layout-flow\" style=\"flex-basis:33.33%\">\n<p>H\u00f6chste Qualit\u00e4t, maximale Pflege und trendige Farben \u2013 Belavance, die Make-up Linie von La Biosthetique erf\u00fcllt alle Anspr\u00fcche, die eine moderne Frau an ein Make-up stellt f\u00fcr eine umwerfende Ausstrahlung.<\/p>\n<\/div>\n<\/div>\n","protected":false},"excerpt":{"rendered":"<p>H\u00f6chste Qualit\u00e4t, maximale Pflege und trendige Farben \u2013 Belavance, die <a class=\"more-link\" href=\"https:\/\/www.kathrinseib.de\/?page_id=85\">Weiter &#8230;<\/a><\/p>\n","protected":false},"author":1,"featured_media":0,"parent":57,"menu_order":0,"comment_status":"closed","ping_status":"closed","template":"","meta":{"footnotes":""},"class_list":["post-85","page","type-page","status-publish","hentry"],"yoast_head":"<!-- This site is optimized with the Yoast SEO plugin v27.4 - https:\/\/yoast.com\/product\/yoast-seo-wordpress\/ -->\n<title>Belavance Make-up - Curly Hair Stylist Kathrin Seib<\/title>\n<meta name=\"robots\" content=\"index, follow, max-snippet:-1, max-image-preview:large, max-video-preview:-1\" \/>\n<link rel=\"canonical\" href=\"https:\/\/www.kathrinseib.de\/?page_id=85\" \/>\n<meta property=\"og:locale\" content=\"de_DE\" \/>\n<meta property=\"og:type\" content=\"article\" \/>\n<meta property=\"og:title\" content=\"Belavance Make-up - Curly Hair Stylist Kathrin Seib\" \/>\n<meta property=\"og:description\" content=\"H\u00f6chste Qualit\u00e4t, maximale Pflege und trendige Farben \u2013 Belavance, die Weiter ...\" \/>\n<meta property=\"og:url\" content=\"https:\/\/www.kathrinseib.de\/?page_id=85\" \/>\n<meta property=\"og:site_name\" content=\"Curly Hair Stylist Kathrin Seib\" \/>\n<meta property=\"article:modified_time\" content=\"2022-08-01T18:22:55+00:00\" \/>\n<meta property=\"og:image\" content=\"https:\/\/www.kathrinseib.de\/wp-content\/uploads\/2021\/02\/makeup1-1024x682.jpg\" \/>\n<meta name=\"twitter:card\" content=\"summary_large_image\" \/>\n<meta name=\"twitter:label1\" content=\"Gesch\u00e4tzte Lesezeit\" \/>\n\t<meta name=\"twitter:data1\" content=\"1\u00a0Minute\" \/>\n<script type=\"application\/ld+json\" class=\"yoast-schema-graph\">{\"@context\":\"https:\\\/\\\/schema.org\",\"@graph\":[{\"@type\":\"WebPage\",\"@id\":\"https:\\\/\\\/www.kathrinseib.de\\\/?page_id=85\",\"url\":\"https:\\\/\\\/www.kathrinseib.de\\\/?page_id=85\",\"name\":\"Belavance Make-up - Curly Hair Stylist Kathrin Seib\",\"isPartOf\":{\"@id\":\"https:\\\/\\\/www.kathrinseib.de\\\/#website\"},\"primaryImageOfPage\":{\"@id\":\"https:\\\/\\\/www.kathrinseib.de\\\/?page_id=85#primaryimage\"},\"image\":{\"@id\":\"https:\\\/\\\/www.kathrinseib.de\\\/?page_id=85#primaryimage\"},\"thumbnailUrl\":\"https:\\\/\\\/www.kathrinseib.de\\\/wp-content\\\/uploads\\\/2021\\\/02\\\/makeup1-1024x682.jpg\",\"datePublished\":\"2015-09-22T17:57:39+00:00\",\"dateModified\":\"2022-08-01T18:22:55+00:00\",\"breadcrumb\":{\"@id\":\"https:\\\/\\\/www.kathrinseib.de\\\/?page_id=85#breadcrumb\"},\"inLanguage\":\"de\",\"potentialAction\":[{\"@type\":\"ReadAction\",\"target\":[\"https:\\\/\\\/www.kathrinseib.de\\\/?page_id=85\"]}]},{\"@type\":\"ImageObject\",\"inLanguage\":\"de\",\"@id\":\"https:\\\/\\\/www.kathrinseib.de\\\/?page_id=85#primaryimage\",\"url\":\"https:\\\/\\\/www.kathrinseib.de\\\/wp-content\\\/uploads\\\/2021\\\/02\\\/makeup1.jpg\",\"contentUrl\":\"https:\\\/\\\/www.kathrinseib.de\\\/wp-content\\\/uploads\\\/2021\\\/02\\\/makeup1.jpg\",\"width\":1202,\"height\":800,\"caption\":\"Close up of beautiful face of young woman getting make-up. The artist is applying eyeshadow on her eyebrow with brush. The lady closed eyes with relaxation\"},{\"@type\":\"BreadcrumbList\",\"@id\":\"https:\\\/\\\/www.kathrinseib.de\\\/?page_id=85#breadcrumb\",\"itemListElement\":[{\"@type\":\"ListItem\",\"position\":1,\"name\":\"Home\",\"item\":\"https:\\\/\\\/www.kathrinseib.de\\\/\"},{\"@type\":\"ListItem\",\"position\":2,\"name\":\"Specials\",\"item\":\"https:\\\/\\\/www.kathrinseib.de\\\/?page_id=57\"},{\"@type\":\"ListItem\",\"position\":3,\"name\":\"Belavance Make-up\"}]},{\"@type\":\"WebSite\",\"@id\":\"https:\\\/\\\/www.kathrinseib.de\\\/#website\",\"url\":\"https:\\\/\\\/www.kathrinseib.de\\\/\",\"name\":\"Curly Hair Stylist Kathrin Seib\",\"description\":\"Wahre Sch\u00f6nheit kommt von innen -\u00a0Wir machen sie sichtbar\",\"potentialAction\":[{\"@type\":\"SearchAction\",\"target\":{\"@type\":\"EntryPoint\",\"urlTemplate\":\"https:\\\/\\\/www.kathrinseib.de\\\/?s={search_term_string}\"},\"query-input\":{\"@type\":\"PropertyValueSpecification\",\"valueRequired\":true,\"valueName\":\"search_term_string\"}}],\"inLanguage\":\"de\"}]}<\/script>\n<!-- \/ Yoast SEO plugin. -->","yoast_head_json":{"title":"Belavance Make-up - Curly Hair Stylist Kathrin Seib","robots":{"index":"index","follow":"follow","max-snippet":"max-snippet:-1","max-image-preview":"max-image-preview:large","max-video-preview":"max-video-preview:-1"},"canonical":"https:\/\/www.kathrinseib.de\/?page_id=85","og_locale":"de_DE","og_type":"article","og_title":"Belavance Make-up - Curly Hair Stylist Kathrin Seib","og_description":"H\u00f6chste Qualit\u00e4t, maximale Pflege und trendige Farben \u2013 Belavance, die Weiter ...","og_url":"https:\/\/www.kathrinseib.de\/?page_id=85","og_site_name":"Curly Hair Stylist Kathrin Seib","article_modified_time":"2022-08-01T18:22:55+00:00","og_image":[{"url":"https:\/\/www.kathrinseib.de\/wp-content\/uploads\/2021\/02\/makeup1-1024x682.jpg","type":"","width":"","height":""}],"twitter_card":"summary_large_image","twitter_misc":{"Gesch\u00e4tzte Lesezeit":"1\u00a0Minute"},"schema":{"@context":"https:\/\/schema.org","@graph":[{"@type":"WebPage","@id":"https:\/\/www.kathrinseib.de\/?page_id=85","url":"https:\/\/www.kathrinseib.de\/?page_id=85","name":"Belavance Make-up - Curly Hair Stylist Kathrin Seib","isPartOf":{"@id":"https:\/\/www.kathrinseib.de\/#website"},"primaryImageOfPage":{"@id":"https:\/\/www.kathrinseib.de\/?page_id=85#primaryimage"},"image":{"@id":"https:\/\/www.kathrinseib.de\/?page_id=85#primaryimage"},"thumbnailUrl":"https:\/\/www.kathrinseib.de\/wp-content\/uploads\/2021\/02\/makeup1-1024x682.jpg","datePublished":"2015-09-22T17:57:39+00:00","dateModified":"2022-08-01T18:22:55+00:00","breadcrumb":{"@id":"https:\/\/www.kathrinseib.de\/?page_id=85#breadcrumb"},"inLanguage":"de","potentialAction":[{"@type":"ReadAction","target":["https:\/\/www.kathrinseib.de\/?page_id=85"]}]},{"@type":"ImageObject","inLanguage":"de","@id":"https:\/\/www.kathrinseib.de\/?page_id=85#primaryimage","url":"https:\/\/www.kathrinseib.de\/wp-content\/uploads\/2021\/02\/makeup1.jpg","contentUrl":"https:\/\/www.kathrinseib.de\/wp-content\/uploads\/2021\/02\/makeup1.jpg","width":1202,"height":800,"caption":"Close up of beautiful face of young woman getting make-up. The artist is applying eyeshadow on her eyebrow with brush. The lady closed eyes with relaxation"},{"@type":"BreadcrumbList","@id":"https:\/\/www.kathrinseib.de\/?page_id=85#breadcrumb","itemListElement":[{"@type":"ListItem","position":1,"name":"Home","item":"https:\/\/www.kathrinseib.de\/"},{"@type":"ListItem","position":2,"name":"Specials","item":"https:\/\/www.kathrinseib.de\/?page_id=57"},{"@type":"ListItem","position":3,"name":"Belavance Make-up"}]},{"@type":"WebSite","@id":"https:\/\/www.kathrinseib.de\/#website","url":"https:\/\/www.kathrinseib.de\/","name":"Curly Hair Stylist Kathrin Seib","description":"Wahre Sch\u00f6nheit kommt von innen -\u00a0Wir machen sie sichtbar","potentialAction":[{"@type":"SearchAction","target":{"@type":"EntryPoint","urlTemplate":"https:\/\/www.kathrinseib.de\/?s={search_term_string}"},"query-input":{"@type":"PropertyValueSpecification","valueRequired":true,"valueName":"search_term_string"}}],"inLanguage":"de"}]}},"_links":{"self":[{"href":"https:\/\/www.kathrinseib.de\/index.php?rest_route=\/wp\/v2\/pages\/85","targetHints":{"allow":["GET"]}}],"collection":[{"href":"https:\/\/www.kathrinseib.de\/index.php?rest_route=\/wp\/v2\/pages"}],"about":[{"href":"https:\/\/www.kathrinseib.de\/index.php?rest_route=\/wp\/v2\/types\/page"}],"author":[{"embeddable":true,"href":"https:\/\/www.kathrinseib.de\/index.php?rest_route=\/wp\/v2\/users\/1"}],"replies":[{"embeddable":true,"href":"https:\/\/www.kathrinseib.de\/index.php?rest_route=%2Fwp%2Fv2%2Fcomments&post=85"}],"version-history":[{"count":13,"href":"https:\/\/www.kathrinseib.de\/index.php?rest_route=\/wp\/v2\/pages\/85\/revisions"}],"predecessor-version":[{"id":746,"href":"https:\/\/www.kathrinseib.de\/index.php?rest_route=\/wp\/v2\/pages\/85\/revisions\/746"}],"up":[{"embeddable":true,"href":"https:\/\/www.kathrinseib.de\/index.php?rest_route=\/wp\/v2\/pages\/57"}],"wp:attachment":[{"href":"https:\/\/www.kathrinseib.de\/index.php?rest_route=%2Fwp%2Fv2%2Fmedia&parent=85"}],"curies":[{"name":"wp","href":"https:\/\/api.w.org\/{rel}","templated":true}]}}